{"id":1857,"date":"2020-06-29T10:49:04","date_gmt":"2020-06-29T10:49:04","guid":{"rendered":"https:\/\/www.eventsamoremio.com\/sobre\/"},"modified":"2023-01-27T12:35:21","modified_gmt":"2023-01-27T12:35:21","slug":"about","status":"publish","type":"page","link":"https:\/\/www.eventsamoremio.com\/en\/about\/","title":{"rendered":"About"},"content":{"rendered":"<div data-elementor-type=\"wp-page\" data-elementor-id=\"1857\" class=\"elementor elementor-1857 elementor-66\" data-elementor-settings=\"{&quot;ha_cmc_init_switcher&quot;:&quot;no&quot;}\" data-elementor-post-type=\"page\">\n\t\t\t\t\t\t<section class=\"elementor-section elementor-top-section elementor-element elementor-element-f4a7fc3 elementor-section-boxed elementor-section-height-default elementor-section-height-default wpr-particle-no wpr-jarallax-no wpr-parallax-no wpr-sticky-section-no\" data-id=\"f4a7fc3\" data-element_type=\"section\" data-e-type=\"section\" data-settings=\"{&quot;_ha_eqh_enable&quot;:false}\">\n\t\t\t\t\t\t<div class=\"elementor-container elementor-column-gap-default\">\n\t\t\t\t\t<div class=\"elementor-column elementor-col-50 elementor-top-column elementor-element elementor-element-51621bd\" data-id=\"51621bd\" data-element_type=\"column\" data-e-type=\"column\">\n\t\t\t<div class=\"elementor-widget-wrap elementor-element-populated\">\n\t\t\t\t\t\t<div class=\"elementor-element elementor-element-eb284c9 elementor-mobile-align-center elementor-align-left elementor-widget elementor-widget-raven-heading\" data-id=\"eb284c9\" data-element_type=\"widget\" data-e-type=\"widget\" data-widget_type=\"raven-heading.default\">\n\t\t\t\t<div class=\"elementor-widget-container\">\n\t\t\t\t\t\t\t<div class=\"raven-widget-wrapper\"><h1 class=\"raven-heading raven-heading-h1\"><span class=\"raven-heading-title\">Who <br>am I<\/span><\/h1><\/div>\n\t\t\t\t\t\t<\/div>\n\t\t\t\t<\/div>\n\t\t\t\t\t<\/div>\n\t\t<\/div>\n\t\t\t\t<div class=\"elementor-column elementor-col-50 elementor-top-column elementor-element elementor-element-f299e09\" data-id=\"f299e09\" data-element_type=\"column\" data-e-type=\"column\">\n\t\t\t<div class=\"elementor-widget-wrap elementor-element-populated\">\n\t\t\t\t\t\t<div class=\"elementor-element elementor-element-c2f275b elementor-widget elementor-widget-raven-image\" data-id=\"c2f275b\" data-element_type=\"widget\" data-e-type=\"widget\" data-widget_type=\"raven-image.default\">\n\t\t\t\t<div class=\"elementor-widget-container\">\n\t\t\t\t\t\t\t<div class=\"raven-image\">\n\t\t\n\t\t\n\t\t<img fetchpriority=\"high\" decoding=\"async\" width=\"1440\" height=\"1800\" src=\"https:\/\/www.eventsamoremio.com\/wp-content\/uploads\/2022\/06\/image_6483441_5-2-min.jpg\" class=\"attachment-full size-full wp-image-1401\" alt=\"\" srcset=\"https:\/\/www.eventsamoremio.com\/wp-content\/uploads\/2022\/06\/image_6483441_5-2-min.jpg 1440w, https:\/\/www.eventsamoremio.com\/wp-content\/uploads\/2022\/06\/image_6483441_5-2-min-240x300.jpg 240w, https:\/\/www.eventsamoremio.com\/wp-content\/uploads\/2022\/06\/image_6483441_5-2-min-819x1024.jpg 819w, https:\/\/www.eventsamoremio.com\/wp-content\/uploads\/2022\/06\/image_6483441_5-2-min-768x960.jpg 768w, https:\/\/www.eventsamoremio.com\/wp-content\/uploads\/2022\/06\/image_6483441_5-2-min-1229x1536.jpg 1229w\" sizes=\"(max-width: 1440px) 100vw, 1440px\" \/>\t\t<\/div>\n\t\t\t\t\t\t<\/div>\n\t\t\t\t<\/div>\n\t\t\t\t<div class=\"elementor-element elementor-element-7fc7749 elementor-widget__width-auto elementor-absolute elementor-hidden-mobile elementor-widget elementor-widget-raven-image\" data-id=\"7fc7749\" data-element_type=\"widget\" data-e-type=\"widget\" data-settings=\"{&quot;_position&quot;:&quot;absolute&quot;}\" data-widget_type=\"raven-image.default\">\n\t\t\t\t<div class=\"elementor-widget-container\">\n\t\t\t\t\t\t\t<div class=\"raven-image\">\n\t\t\n\t\t\n\t\t<img decoding=\"async\" width=\"767\" height=\"959\" src=\"https:\/\/www.eventsamoremio.com\/wp-content\/uploads\/2022\/06\/image_6483441_8-min.jpg\" class=\"attachment-full size-full wp-image-1403\" alt=\"\" srcset=\"https:\/\/www.eventsamoremio.com\/wp-content\/uploads\/2022\/06\/image_6483441_8-min.jpg 767w, https:\/\/www.eventsamoremio.com\/wp-content\/uploads\/2022\/06\/image_6483441_8-min-240x300.jpg 240w\" sizes=\"(max-width: 767px) 100vw, 767px\" \/>\t\t<\/div>\n\t\t\t\t\t\t<\/div>\n\t\t\t\t<\/div>\n\t\t\t\t\t<\/div>\n\t\t<\/div>\n\t\t\t\t\t<\/div>\n\t\t<\/section>\n\t\t\t\t<section class=\"elementor-section elementor-top-section elementor-element elementor-element-fb33a67 elementor-reverse-mobile elementor-section-boxed elementor-section-height-default elementor-section-height-default wpr-particle-no wpr-jarallax-no wpr-parallax-no wpr-sticky-section-no\" data-id=\"fb33a67\" data-element_type=\"section\" data-e-type=\"section\" data-settings=\"{&quot;_ha_eqh_enable&quot;:false}\">\n\t\t\t\t\t\t<div class=\"elementor-container elementor-column-gap-default\">\n\t\t\t\t\t<div class=\"elementor-column elementor-col-50 elementor-top-column elementor-element elementor-element-36b0804\" data-id=\"36b0804\" data-element_type=\"column\" data-e-type=\"column\">\n\t\t\t<div class=\"elementor-widget-wrap elementor-element-populated\">\n\t\t\t\t\t\t<div class=\"elementor-element elementor-element-2466e63 elementor-widget elementor-widget-image\" data-id=\"2466e63\" data-element_type=\"widget\" data-e-type=\"widget\" data-widget_type=\"image.default\">\n\t\t\t\t<div class=\"elementor-widget-container\">\n\t\t\t\t\t\t\t\t\t\t\t\t\t\t\t<img decoding=\"async\" width=\"1169\" height=\"1379\" src=\"https:\/\/www.eventsamoremio.com\/wp-content\/uploads\/2022\/11\/image_6487327-min.jpg\" class=\"attachment-full size-full wp-image-1631\" alt=\"\" srcset=\"https:\/\/www.eventsamoremio.com\/wp-content\/uploads\/2022\/11\/image_6487327-min.jpg 1169w, https:\/\/www.eventsamoremio.com\/wp-content\/uploads\/2022\/11\/image_6487327-min-254x300.jpg 254w, https:\/\/www.eventsamoremio.com\/wp-content\/uploads\/2022\/11\/image_6487327-min-868x1024.jpg 868w, https:\/\/www.eventsamoremio.com\/wp-content\/uploads\/2022\/11\/image_6487327-min-768x906.jpg 768w\" sizes=\"(max-width: 1169px) 100vw, 1169px\" \/>\t\t\t\t\t\t\t\t\t\t\t\t\t\t\t<\/div>\n\t\t\t\t<\/div>\n\t\t\t\t\t<\/div>\n\t\t<\/div>\n\t\t\t\t<div class=\"elementor-column elementor-col-50 elementor-top-column elementor-element elementor-element-db38e85\" data-id=\"db38e85\" data-element_type=\"column\" data-e-type=\"column\">\n\t\t\t<div class=\"elementor-widget-wrap elementor-element-populated\">\n\t\t\t\t\t\t<div class=\"elementor-element elementor-element-610ddf7 elementor-tablet-align-center elementor-mobile-align-center elementor-align-left elementor-widget elementor-widget-raven-heading\" data-id=\"610ddf7\" data-element_type=\"widget\" data-e-type=\"widget\" data-widget_type=\"raven-heading.default\">\n\t\t\t\t<div class=\"elementor-widget-container\">\n\t\t\t\t\t\t\t<div class=\"raven-widget-wrapper\"><h2 class=\"raven-heading raven-heading-h2\"><span class=\"raven-heading-title\">This project...<\/span><\/h2><\/div>\n\t\t\t\t\t\t<\/div>\n\t\t\t\t<\/div>\n\t\t\t\t<div class=\"elementor-element elementor-element-72ecac4 elementor-drop-cap-yes elementor-drop-cap-view-default elementor-widget elementor-widget-text-editor\" data-id=\"72ecac4\" data-element_type=\"widget\" data-e-type=\"widget\" data-settings=\"{&quot;drop_cap&quot;:&quot;yes&quot;}\" data-widget_type=\"text-editor.default\">\n\t\t\t\t<div class=\"elementor-widget-container\">\n\t\t\t\t\t\t\t\t\t<p>Since I&#8217;ve always known new spaces or people, what immediately came to mind was how to change and transform it all for the better.<\/p><p>So I&#8217;ve always had a huge taste for decoration, so involved these last few years in renting material and assisting the bride and groom to create the perfect space and harmonize the environment increasingly the passion became greater, and my imagination got refined, finally, I&#8217;m doing something I like and that I feel confident.<\/p><p>Therefore, in addition to all the organization, together with the bride and groom, we create the environment, harmonize the colors, everything thought to detail according to the personality of each one.<\/p><p>We make any party, anniversaries, weddings, baptisms, private dinners, bachelor parties, with glamour, an unforgettable party, let&#8217;s put your imagination to work.<\/p><p>We make your party a dream come true.<\/p>\t\t\t\t\t\t\t\t<\/div>\n\t\t\t\t<\/div>\n\t\t\t\t\t<\/div>\n\t\t<\/div>\n\t\t\t\t\t<\/div>\n\t\t<\/section>\n\t\t\t\t<section class=\"elementor-section elementor-top-section elementor-element elementor-element-a9665b9 elementor-hidden-desktop elementor-hidden-tablet elementor-hidden-mobile elementor-section-boxed elementor-section-height-default elementor-section-height-default wpr-particle-no wpr-jarallax-no wpr-parallax-no wpr-sticky-section-no\" data-id=\"a9665b9\" data-element_type=\"section\" data-e-type=\"section\" data-settings=\"{&quot;_ha_eqh_enable&quot;:false}\">\n\t\t\t\t\t\t<div class=\"elementor-container elementor-column-gap-default\">\n\t\t\t\t\t<div class=\"elementor-column elementor-col-100 elementor-top-column elementor-element elementor-element-603f626\" data-id=\"603f626\" data-element_type=\"column\" data-e-type=\"column\">\n\t\t\t<div class=\"elementor-widget-wrap elementor-element-populated\">\n\t\t\t\t\t\t<div class=\"elementor-element elementor-element-1986510 elementor-align-center elementor-widget elementor-widget-raven-heading\" data-id=\"1986510\" data-element_type=\"widget\" data-e-type=\"widget\" data-widget_type=\"raven-heading.default\">\n\t\t\t\t<div class=\"elementor-widget-container\">\n\t\t\t\t\t\t\t<div class=\"raven-widget-wrapper\"><h2 class=\"raven-heading raven-heading-h2\"><span class=\"raven-heading-title\">Timeline<\/span><\/h2><\/div>\n\t\t\t\t\t\t<\/div>\n\t\t\t\t<\/div>\n\t\t\t\t\t<\/div>\n\t\t<\/div>\n\t\t\t\t\t<\/div>\n\t\t<\/section>\n\t\t\t\t<\/div>","protected":false},"excerpt":{"rendered":"<p>Who am I This project&#8230; Since I&#8217;ve always known new spaces or people, what immediately came to mind was how to change and transform it all for the better. So I&#8217;ve always had a huge taste for decoration, so involved these last few years in renting material and assisting the bride and groom to create the perfect space and harmonize the environment increasingly the passion became greater, and my imagination got refined, finally, I&#8217;m doing something I like and that I feel confident. Therefore, in addition to all the organization, together with the bride and groom, we create the environment, harmonize the colors, everything thought to detail according to the personality of each one. We make any party, anniversaries, weddings, baptisms, private dinners, bachelor parties, with glamour, an unforgettable party, let&#8217;s put your imagination to work. We make your party a dream come true. Timeline 2020 Foi um ano que realizei muitas festas de anivers\u00e1rio. 2021 organizei eventos publicit\u00e1rios. 2022 foi um ano dedicado \u00e1s cerimonias na praia. 2020 Praesent congue erat at massa. Nullam quis ante. Quisque rutrum. Mauris turpis nunc, blandit et, volutpat molestie.<\/p>","protected":false},"author":1,"featured_media":0,"parent":0,"menu_order":0,"comment_status":"closed","ping_status":"closed","template":"elementor_header_footer","meta":{"_acf_changed":false,"footnotes":""},"class_list":["post-1857","page","type-page","status-publish","hentry"],"acf":[],"_links":{"self":[{"href":"https:\/\/www.eventsamoremio.com\/en\/wp-json\/wp\/v2\/pages\/1857","targetHints":{"allow":["GET"]}}],"collection":[{"href":"https:\/\/www.eventsamoremio.com\/en\/wp-json\/wp\/v2\/pages"}],"about":[{"href":"https:\/\/www.eventsamoremio.com\/en\/wp-json\/wp\/v2\/types\/page"}],"author":[{"embeddable":true,"href":"https:\/\/www.eventsamoremio.com\/en\/wp-json\/wp\/v2\/users\/1"}],"replies":[{"embeddable":true,"href":"https:\/\/www.eventsamoremio.com\/en\/wp-json\/wp\/v2\/comments?post=1857"}],"version-history":[{"count":5,"href":"https:\/\/www.eventsamoremio.com\/en\/wp-json\/wp\/v2\/pages\/1857\/revisions"}],"predecessor-version":[{"id":1893,"href":"https:\/\/www.eventsamoremio.com\/en\/wp-json\/wp\/v2\/pages\/1857\/revisions\/1893"}],"wp:attachment":[{"href":"https:\/\/www.eventsamoremio.com\/en\/wp-json\/wp\/v2\/media?parent=1857"}],"curies":[{"name":"wp","href":"https:\/\/api.w.org\/{rel}","templated":true}]}}